{"id":672,"date":"2018-08-20T17:50:34","date_gmt":"2018-08-20T15:50:34","guid":{"rendered":"http:\/\/mariellegerke.de\/?page_id=672"},"modified":"2020-08-10T10:40:49","modified_gmt":"2020-08-10T08:40:49","slug":"ci-workshop-in-kassel","status":"publish","type":"page","link":"https:\/\/mariellegerke.de\/en\/ci-workshop-in-kassel\/","title":{"rendered":"CI Workshops in Kassel"},"content":{"rendered":"<p>Contact Improvisation &#8211; Sommer Intensiv<br \/>\n13.-16. August in Kassel<br \/>\nmit Marielle Gerke<\/p>\n<p>&nbsp;<\/p>\n<p>Herzlich m\u00f6chte ich Euch einladen zu meinem Contact Impro Sommer Intensiv !<\/p>\n<p>Vier volle Tage lang besch\u00e4ftigen wir uns mit den somatischen und technischen Aspekten der Contact Improvisation sowie mit dem freien Improvisieren im Rahmen der Contact Impro Jam. T\u00e4glich gibt es vormittags eine dreist\u00fcndige Unterrichtseinheit und nachmittags eine zweist\u00fcndige Jam. Im Unterricht teile ich meine Lieblings\u00fcbungen und -explorationen, die mir dabei helfen, pr\u00e4sent, geschmeidig, kr\u00e4ftig und klar und dadurch ein interessantes und verl\u00e4ssliches Gegen\u00fcber f\u00fcr meine TanzpartnerInnen zu werden. Wir konzentrieren uns auf unsere K\u00f6rperwahrnehmungen, darauf, gut im Kontakt mit uns selbst zu sein, und von da aus in Kontakt mit den anderen zu kommen. Durch das Ein\u00fcben von Contact-Vokabeln erweitern wir unser gemeinsames Bewegungsrepertoire und erforschen und erinnern Grundprinzipien sowie technische Details der Form. In der freien Improvisation k\u00f6nnen wir dann das Erlernte wieder loslassen, integrieren und ganz neue Aspekte finden.<\/p>\n<p>Die Gruppe wird klein sein und maximal aus 10 Tanzenden bestehen.<\/p>\n<p>Ich freue mich \u00fcber Eure Anmeldungen \u2013 es gibt noch 3 freie Pl\u00e4tze !<\/p>\n<p>Fr\u00fchbucherpreis ist noch bis Ende Juli g\u00fcltig &#8211; ab 1. August regul\u00e4rer Preis !!!<\/p>\n<p>F\u00fcr die n\u00e4heren Informationen zu Kosten, Anmelde- und Stornierungsbedingungen schreib mir gern eine Mail: marielle.gerke@gmail.com<\/p>\n<p>W\u00e4rmstens von Marielle.<\/p>\n","protected":false},"excerpt":{"rendered":"<p>Contact Improvisation &#8211; Sommer Intensiv 13.-16. August in Kassel mit Marielle Gerke &nbsp; Herzlich m\u00f6chte ich Euch einladen zu meinem Contact Impro Sommer Intensiv ! Vier volle Tage lang besch\u00e4ftigen wir uns mit den somatischen und technischen Aspekten der Contact Improvisation sowie mit dem freien Improvisieren im Rahmen der Contact Impro Jam. T\u00e4glich gibt es &hellip; <a href=\"https:\/\/mariellegerke.de\/en\/ci-workshop-in-kassel\/\" class=\"more-link\">Continue reading <span class=\"screen-reader-text\">CI Workshops in Kassel<\/span><\/a><\/p>\n","protected":false},"author":1,"featured_media":693,"parent":0,"menu_order":0,"comment_status":"closed","ping_status":"closed","template":"","meta":{"footnotes":""},"translation":{"provider":"WPGlobus","version":"3.0.2","language":"en","enabled_languages":["de","en"],"languages":{"de":{"title":true,"content":true,"excerpt":false},"en":{"title":true,"content":false,"excerpt":false}}},"_links":{"self":[{"href":"https:\/\/mariellegerke.de\/en\/wp-json\/wp\/v2\/pages\/672"}],"collection":[{"href":"https:\/\/mariellegerke.de\/en\/wp-json\/wp\/v2\/pages"}],"about":[{"href":"https:\/\/mariellegerke.de\/en\/wp-json\/wp\/v2\/types\/page"}],"author":[{"embeddable":true,"href":"https:\/\/mariellegerke.de\/en\/wp-json\/wp\/v2\/users\/1"}],"replies":[{"embeddable":true,"href":"https:\/\/mariellegerke.de\/en\/wp-json\/wp\/v2\/comments?post=672"}],"version-history":[{"count":33,"href":"https:\/\/mariellegerke.de\/en\/wp-json\/wp\/v2\/pages\/672\/revisions"}],"predecessor-version":[{"id":1097,"href":"https:\/\/mariellegerke.de\/en\/wp-json\/wp\/v2\/pages\/672\/revisions\/1097"}],"wp:featuredmedia":[{"embeddable":true,"href":"https:\/\/mariellegerke.de\/en\/wp-json\/wp\/v2\/media\/693"}],"wp:attachment":[{"href":"https:\/\/mariellegerke.de\/en\/wp-json\/wp\/v2\/media?parent=672"}],"curies":[{"name":"wp","href":"https:\/\/api.w.org\/{rel}","templated":true}]}}